{"id":92,"date":"2022-12-24T23:48:43","date_gmt":"2022-12-24T23:48:43","guid":{"rendered":"https:\/\/mydreamhomealbania.com\/?page_id=92"},"modified":"2023-01-15T16:36:28","modified_gmt":"2023-01-15T16:36:28","slug":"about-us","status":"publish","type":"page","link":"https:\/\/mydreamhomealbania.com\/pl\/about-us\/","title":{"rendered":"O nas"},"content":{"rendered":"<div data-elementor-type=\"wp-page\" data-elementor-id=\"92\" class=\"elementor elementor-92\" data-elementor-post-type=\"page\">\n\t\t\t\t<div class=\"elementor-element elementor-element-ecf931b e-flex e-con-boxed e-con e-parent\" data-id=\"ecf931b\" data-element_type=\"container\" data-e-type=\"container\">\n\t\t\t\t\t<div class=\"e-con-inner\">\n\t\t<div class=\"elementor-element elementor-element-6d5ffa0 e-flex e-con-boxed e-con e-parent\" data-id=\"6d5ffa0\" data-element_type=\"container\" data-e-type=\"container\">\n\t\t\t\t\t<div class=\"e-con-inner\">\n\t\t\t\t<div class=\"elementor-element elementor-element-7c77df4 elementor-widget elementor-widget-heading\" data-id=\"7c77df4\" data-element_type=\"widget\" data-e-type=\"widget\" data-widget_type=\"heading.default\">\n\t\t\t\t<div class=\"elementor-widget-container\">\n\t\t\t\t\t<h2 class=\"elementor-heading-title elementor-size-large\">Zalety<\/h2>\t\t\t\t<\/div>\n\t\t\t\t<\/div>\n\t\t\t\t<div class=\"elementor-element elementor-element-2d28ae7 elementor-widget-divider--view-line elementor-widget elementor-widget-divider\" data-id=\"2d28ae7\" data-element_type=\"widget\" data-e-type=\"widget\" data-widget_type=\"divider.default\">\n\t\t\t\t<div class=\"elementor-widget-container\">\n\t\t\t\t\t\t\t<div class=\"elementor-divider\">\n\t\t\t<span class=\"elementor-divider-separator\">\n\t\t\t\t\t\t<\/span>\n\t\t<\/div>\n\t\t\t\t\t\t<\/div>\n\t\t\t\t<\/div>\n\t\t<div class=\"elementor-element elementor-element-4c13e83 e-flex e-con-boxed e-con e-parent\" data-id=\"4c13e83\" data-element_type=\"container\" data-e-type=\"container\">\n\t\t\t\t\t<div class=\"e-con-inner\">\n\t\t<div class=\"elementor-element elementor-element-0ce24ad e-flex e-con-boxed e-con e-parent\" data-id=\"0ce24ad\" data-element_type=\"container\" data-e-type=\"container\">\n\t\t\t\t\t<div class=\"e-con-inner\">\n\t\t\t\t<div class=\"elementor-element elementor-element-2504e0c elementor-position-block-start elementor-view-default elementor-mobile-position-block-start elementor-widget elementor-widget-icon-box\" data-id=\"2504e0c\" data-element_type=\"widget\" data-e-type=\"widget\" data-widget_type=\"icon-box.default\">\n\t\t\t\t<div class=\"elementor-widget-container\">\n\t\t\t\t\t\t\t<div class=\"elementor-icon-box-wrapper\">\n\n\t\t\t\t\t\t<div class=\"elementor-icon-box-icon\">\n\t\t\t\t<span  class=\"elementor-icon\">\n\t\t\t\t<i aria-hidden=\"true\" class=\"fas fa-users\"><\/i>\t\t\t\t<\/span>\n\t\t\t<\/div>\n\t\t\t\n\t\t\t\t\t\t<div class=\"elementor-icon-box-content\">\n\n\t\t\t\t\t\t\t\t\t<h3 class=\"elementor-icon-box-title\">\n\t\t\t\t\t\t<span  >\n\t\t\t\t\t\t\tWiedza i do\u015bwiadczenie\t\t\t\t\t\t<\/span>\n\t\t\t\t\t<\/h3>\n\t\t\t\t\n\t\t\t\t\t\t\t\t\t<p class=\"elementor-icon-box-description\">\n\t\t\t\t\t\tNasz zesp\u00f3\u0142 posiada du\u017c\u0105 wiedz\u0119 i do\u015bwiadczenie w bran\u017cy nieruchomo\u015bci.\t\t\t\t\t<\/p>\n\t\t\t\t\n\t\t\t<\/div>\n\t\t\t\n\t\t<\/div>\n\t\t\t\t\t\t<\/div>\n\t\t\t\t<\/div>\n\t\t\t\t\t<\/div>\n\t\t\t\t<\/div>\n\t\t<div class=\"elementor-element elementor-element-3bf3862 e-flex e-con-boxed e-con e-parent\" data-id=\"3bf3862\" data-element_type=\"container\" data-e-type=\"container\">\n\t\t\t\t\t<div class=\"e-con-inner\">\n\t\t\t\t<div class=\"elementor-element elementor-element-af48e56 elementor-view-default elementor-position-block-start elementor-mobile-position-block-start elementor-widget elementor-widget-icon-box\" data-id=\"af48e56\" data-element_type=\"widget\" data-e-type=\"widget\" data-widget_type=\"icon-box.default\">\n\t\t\t\t<div class=\"elementor-widget-container\">\n\t\t\t\t\t\t\t<div class=\"elementor-icon-box-wrapper\">\n\n\t\t\t\t\t\t<div class=\"elementor-icon-box-icon\">\n\t\t\t\t<span  class=\"elementor-icon\">\n\t\t\t\t<i aria-hidden=\"true\" class=\"far fa-building\"><\/i>\t\t\t\t<\/span>\n\t\t\t<\/div>\n\t\t\t\n\t\t\t\t\t\t<div class=\"elementor-icon-box-content\">\n\n\t\t\t\t\t\t\t\t\t<h3 class=\"elementor-icon-box-title\">\n\t\t\t\t\t\t<span  >\n\t\t\t\t\t\t\tSzeroki wyb\u00f3r nieruchomo\u015bci\t\t\t\t\t\t<\/span>\n\t\t\t\t\t<\/h3>\n\t\t\t\t\n\t\t\t\t\t\t\t\t\t<p class=\"elementor-icon-box-description\">\n\t\t\t\t\t\tOferujemy szerok\u0105 gam\u0119 nieruchomo\u015bci, kt\u00f3re spe\u0142ni\u0105 Twoje potrzeby.\t\t\t\t\t<\/p>\n\t\t\t\t\n\t\t\t<\/div>\n\t\t\t\n\t\t<\/div>\n\t\t\t\t\t\t<\/div>\n\t\t\t\t<\/div>\n\t\t\t\t\t<\/div>\n\t\t\t\t<\/div>\n\t\t<div class=\"elementor-element elementor-element-63b18de e-flex e-con-boxed e-con e-parent\" data-id=\"63b18de\" data-element_type=\"container\" data-e-type=\"container\">\n\t\t\t\t\t<div class=\"e-con-inner\">\n\t\t\t\t<div class=\"elementor-element elementor-element-55c8ad3 elementor-view-default elementor-position-block-start elementor-mobile-position-block-start elementor-widget elementor-widget-icon-box\" data-id=\"55c8ad3\" data-element_type=\"widget\" data-e-type=\"widget\" data-widget_type=\"icon-box.default\">\n\t\t\t\t<div class=\"elementor-widget-container\">\n\t\t\t\t\t\t\t<div class=\"elementor-icon-box-wrapper\">\n\n\t\t\t\t\t\t<div class=\"elementor-icon-box-icon\">\n\t\t\t\t<span  class=\"elementor-icon\">\n\t\t\t\t<i aria-hidden=\"true\" class=\"fas fa-user-check\"><\/i>\t\t\t\t<\/span>\n\t\t\t<\/div>\n\t\t\t\n\t\t\t\t\t\t<div class=\"elementor-icon-box-content\">\n\n\t\t\t\t\t\t\t\t\t<h3 class=\"elementor-icon-box-title\">\n\t\t\t\t\t\t<span  >\n\t\t\t\t\t\t\tUs\u0142uga na zam\u00f3wienie\t\t\t\t\t\t<\/span>\n\t\t\t\t\t<\/h3>\n\t\t\t\t\n\t\t\t\t\t\t\t\t\t<p class=\"elementor-icon-box-description\">\n\t\t\t\t\t\tDostosowujemy nasze us\u0142ugi do Twoich indywidualnych potrzeb i preferencji.\t\t\t\t\t<\/p>\n\t\t\t\t\n\t\t\t<\/div>\n\t\t\t\n\t\t<\/div>\n\t\t\t\t\t\t<\/div>\n\t\t\t\t<\/div>\n\t\t\t\t\t<\/div>\n\t\t\t\t<\/div>\n\t\t<div class=\"elementor-element elementor-element-2e9a543 e-flex e-con-boxed e-con e-parent\" data-id=\"2e9a543\" data-element_type=\"container\" data-e-type=\"container\">\n\t\t\t\t\t<div class=\"e-con-inner\">\n\t\t\t\t<div class=\"elementor-element elementor-element-4b4b2a6 elementor-view-default elementor-position-block-start elementor-mobile-position-block-start elementor-widget elementor-widget-icon-box\" data-id=\"4b4b2a6\" data-element_type=\"widget\" data-e-type=\"widget\" data-widget_type=\"icon-box.default\">\n\t\t\t\t<div class=\"elementor-widget-container\">\n\t\t\t\t\t\t\t<div class=\"elementor-icon-box-wrapper\">\n\n\t\t\t\t\t\t<div class=\"elementor-icon-box-icon\">\n\t\t\t\t<span  class=\"elementor-icon\">\n\t\t\t\t<i aria-hidden=\"true\" class=\"fas fa-check\"><\/i>\t\t\t\t<\/span>\n\t\t\t<\/div>\n\t\t\t\n\t\t\t\t\t\t<div class=\"elementor-icon-box-content\">\n\n\t\t\t\t\t\t\t\t\t<h3 class=\"elementor-icon-box-title\">\n\t\t\t\t\t\t<span  >\n\t\t\t\t\t\t\tEfektywno\u015b\u0107\t\t\t\t\t\t<\/span>\n\t\t\t\t\t<\/h3>\n\t\t\t\t\n\t\t\t\t\t\t\t\t\t<p class=\"elementor-icon-box-description\">\n\t\t\t\t\t\tNasza strona internetowa jest \u0142atwa w obs\u0142udze, a nasz zesp\u00f3\u0142 jest zawsze gotowy Ci pom\u00f3c.\t\t\t\t\t<\/p>\n\t\t\t\t\n\t\t\t<\/div>\n\t\t\t\n\t\t<\/div>\n\t\t\t\t\t\t<\/div>\n\t\t\t\t<\/div>\n\t\t\t\t\t<\/div>\n\t\t\t\t<\/div>\n\t\t\t\t\t<\/div>\n\t\t\t\t<\/div>\n\t\t\t\t\t<\/div>\n\t\t\t\t<\/div>\n\t\t\t\t\t<\/div>\n\t\t\t\t<\/div>\n\t\t<div class=\"elementor-element elementor-element-be268bc e-flex e-con-boxed e-con e-parent\" data-id=\"be268bc\" data-element_type=\"container\" data-e-type=\"container\">\n\t\t\t\t\t<div class=\"e-con-inner\">\n\t\t<div class=\"elementor-element elementor-element-130f546 e-flex e-con-boxed e-con e-parent\" data-id=\"130f546\" data-element_type=\"container\" data-e-type=\"container\">\n\t\t\t\t\t<div class=\"e-con-inner\">\n\t\t\t\t<div class=\"elementor-element elementor-element-58622db elementor-widget elementor-widget-heading\" data-id=\"58622db\" data-element_type=\"widget\" data-e-type=\"widget\" data-widget_type=\"heading.default\">\n\t\t\t\t<div class=\"elementor-widget-container\">\n\t\t\t\t\t<h2 class=\"elementor-heading-title elementor-size-large\">Witamy w My Dream Home Albania<\/h2>\t\t\t\t<\/div>\n\t\t\t\t<\/div>\n\t\t\t\t<div class=\"elementor-element elementor-element-092fd76 elementor-widget elementor-widget-global elementor-global-561 elementor-widget-text-editor\" data-id=\"092fd76\" data-element_type=\"widget\" data-e-type=\"widget\" data-widget_type=\"text-editor.default\">\n\t\t\t\t<div class=\"elementor-widget-container\">\n\t\t\t\t\t\t\t\t\t<p>Przedstawiamy Pa\u0144stwu wielk\u0105 rodzin\u0119 My Dream Home Real Estate Albania. Na fali nowych osi\u0105gni\u0119\u0107 i sukces\u00f3w nasza firma ma wiele powod\u00f3w do dumy. Nasz kraj jest domem najm\u0142odszej populacji w Europie, z 53% populacji poni\u017cej 25 roku \u017cycia, co daje naszemu krajowi ducha optymizmu i przedsi\u0119biorczo\u015bci jak nigdzie indziej. To sprawi\u0142o, \u017ce zesp\u00f3\u0142 naszej firmy ma \u015bredni\u0105 wieku 27 lat.<\/p>\t\t\t\t\t\t\t\t<\/div>\n\t\t\t\t<\/div>\n\t\t\t\t\t<\/div>\n\t\t\t\t<\/div>\n\t\t<div class=\"elementor-element elementor-element-493ced9 e-flex e-con-boxed e-con e-parent\" data-id=\"493ced9\" data-element_type=\"container\" data-e-type=\"container\">\n\t\t\t\t\t<div class=\"e-con-inner\">\n\t\t\t\t<div class=\"elementor-element elementor-element-225fe1b elementor-widget elementor-widget-image\" data-id=\"225fe1b\" data-element_type=\"widget\" data-e-type=\"widget\" data-widget_type=\"image.default\">\n\t\t\t\t<div class=\"elementor-widget-container\">\n\t\t\t\t\t\t\t\t\t\t\t\t\t\t\t<img fetchpriority=\"high\" decoding=\"async\" width=\"800\" height=\"534\" src=\"https:\/\/mydreamhomealbania.com\/wp-content\/uploads\/2022\/12\/4288663-scaled-1024x683.jpg\" class=\"attachment-large size-large wp-image-405\" alt=\"\" srcset=\"https:\/\/mydreamhomealbania.com\/wp-content\/uploads\/2022\/12\/4288663-scaled-1024x683.jpg 1024w, https:\/\/mydreamhomealbania.com\/wp-content\/uploads\/2022\/12\/4288663-scaled-300x200.jpg 300w, https:\/\/mydreamhomealbania.com\/wp-content\/uploads\/2022\/12\/4288663-scaled-768x512.jpg 768w, https:\/\/mydreamhomealbania.com\/wp-content\/uploads\/2022\/12\/4288663-scaled-1536x1024.jpg 1536w, https:\/\/mydreamhomealbania.com\/wp-content\/uploads\/2022\/12\/4288663-scaled-2048x1366.jpg 2048w, https:\/\/mydreamhomealbania.com\/wp-content\/uploads\/2022\/12\/4288663-scaled-18x12.jpg 18w\" sizes=\"(max-width: 800px) 100vw, 800px\" \/>\t\t\t\t\t\t\t\t\t\t\t\t\t\t\t<\/div>\n\t\t\t\t<\/div>\n\t\t\t\t\t<\/div>\n\t\t\t\t<\/div>\n\t\t\t\t\t<\/div>\n\t\t\t\t<\/div>\n\t\t<div class=\"elementor-element elementor-element-2e34e46 e-flex e-con-boxed e-con e-parent\" data-id=\"2e34e46\" data-element_type=\"container\" data-e-type=\"container\" data-settings=\"{&quot;background_background&quot;:&quot;classic&quot;}\">\n\t\t\t\t\t<div class=\"e-con-inner\">\n\t\t\t\t<div class=\"elementor-element elementor-element-382a584 elementor-widget__width-initial elementor-widget elementor-widget-text-editor\" data-id=\"382a584\" data-element_type=\"widget\" data-e-type=\"widget\" data-widget_type=\"text-editor.default\">\n\t\t\t\t<div class=\"elementor-widget-container\">\n\t\t\t\t\t\t\t\t\t<p>Z drugiej strony, w bran\u017cy takiej jak nasza, znanej jako zdominowana przez m\u0119\u017cczyzn, udaje nam si\u0119 odbudowa\u0107 tradycyjny model firmy, zwi\u0119kszaj\u0105c odsetek kobiet, a nawet czyni\u0105c go wi\u0119kszym ni\u017c p\u0142e\u0107 przeciwna. Wierzymy, \u017ce praca zespo\u0142owa i ci\u0105g\u0142a wsp\u00f3\u0142praca to jedyna droga do wiedzy i klucz do sukcesu ka\u017cdego biznesu. Dowodem na to jest nasz zesp\u00f3\u0142, w kt\u00f3rym zaufanie, przejrzysto\u015b\u0107 i wzajemny szacunek zosta\u0142y stworzone. Ich pozytywna energia i niestrudzona praca s\u0105 najmocniejszym punktem firmy. Kochamy to, co robimy i wida\u0107 to w naszej pracy.<\/p><p>Jeste\u015bmy katalizatorami zmian, wykazuj\u0105c si\u0119 uczciwo\u015bci\u0105 i sprawiedliwo\u015bci\u0105 w ka\u017cdym dzia\u0142aniu i decyzji, motywuj\u0105c si\u0119 nawzajem do bycia lepszymi ka\u017cdego dnia, dostrzegania szans zamiast ogranicze\u0144 i przekraczania oczekiwa\u0144 w ka\u017cdym aspekcie. Jednocze\u015bnie jeste\u015bmy wdzi\u0119czni i wdzi\u0119czni spo\u0142eczno\u015bci. Tworzenie nowych miejsc pracy, z pozytywn\u0105 i produktywn\u0105 atmosfer\u0105, aby zmieni\u0107 \u017cycie pracownik\u00f3w naszej firmy. My Home Real Estate Albania b\u0119dzie miejscem, w kt\u00f3rym zawsze chcesz by\u0107. Anga\u017cujemy si\u0119 i bierzemy odpowiedzialno\u015b\u0107 za ka\u017cdy krok, zawsze maj\u0105c uczciwo\u015b\u0107 jako priorytet w naszej pracy!<\/p>\t\t\t\t\t\t\t\t<\/div>\n\t\t\t\t<\/div>\n\t\t\t\t\t<\/div>\n\t\t\t\t<\/div>\n\t\t<div class=\"elementor-element elementor-element-7dd44cc e-flex e-con-boxed e-con e-parent\" data-id=\"7dd44cc\" data-element_type=\"container\" data-e-type=\"container\">\n\t\t\t\t\t<div class=\"e-con-inner\">\n\t\t<div class=\"elementor-element elementor-element-3ab878c e-flex e-con-boxed e-con e-parent\" data-id=\"3ab878c\" data-element_type=\"container\" data-e-type=\"container\">\n\t\t\t\t\t<div class=\"e-con-inner\">\n\t\t\t\t<div class=\"elementor-element elementor-element-f16c61b elementor-widget elementor-widget-image\" data-id=\"f16c61b\" data-element_type=\"widget\" data-e-type=\"widget\" data-widget_type=\"image.default\">\n\t\t\t\t<div class=\"elementor-widget-container\">\n\t\t\t\t\t\t\t\t\t\t\t\t\t\t\t<img decoding=\"async\" width=\"800\" height=\"534\" src=\"https:\/\/mydreamhomealbania.com\/wp-content\/uploads\/2022\/12\/happy-father-with-daughter-standing-near-open-balcony-smiling-1.jpg\" class=\"attachment-large size-large wp-image-412\" alt=\"Buy or Rent Home in Albania\" srcset=\"https:\/\/mydreamhomealbania.com\/wp-content\/uploads\/2022\/12\/happy-father-with-daughter-standing-near-open-balcony-smiling-1.jpg 1000w, https:\/\/mydreamhomealbania.com\/wp-content\/uploads\/2022\/12\/happy-father-with-daughter-standing-near-open-balcony-smiling-1-300x200.jpg 300w, https:\/\/mydreamhomealbania.com\/wp-content\/uploads\/2022\/12\/happy-father-with-daughter-standing-near-open-balcony-smiling-1-768x512.jpg 768w, https:\/\/mydreamhomealbania.com\/wp-content\/uploads\/2022\/12\/happy-father-with-daughter-standing-near-open-balcony-smiling-1-18x12.jpg 18w\" sizes=\"(max-width: 800px) 100vw, 800px\" \/>\t\t\t\t\t\t\t\t\t\t\t\t\t\t\t<\/div>\n\t\t\t\t<\/div>\n\t\t\t\t\t<\/div>\n\t\t\t\t<\/div>\n\t\t<div class=\"elementor-element elementor-element-a26088c e-flex e-con-boxed e-con e-parent\" data-id=\"a26088c\" data-element_type=\"container\" data-e-type=\"container\">\n\t\t\t\t\t<div class=\"e-con-inner\">\n\t\t\t\t<div class=\"elementor-element elementor-element-7429a23 elementor-widget elementor-widget-heading\" data-id=\"7429a23\" data-element_type=\"widget\" data-e-type=\"widget\" data-widget_type=\"heading.default\">\n\t\t\t\t<div class=\"elementor-widget-container\">\n\t\t\t\t\t<h2 class=\"elementor-heading-title elementor-size-large\">Praca z nami<\/h2>\t\t\t\t<\/div>\n\t\t\t\t<\/div>\n\t\t\t\t<div class=\"elementor-element elementor-element-95e16a0 elementor-widget elementor-widget-text-editor\" data-id=\"95e16a0\" data-element_type=\"widget\" data-e-type=\"widget\" data-widget_type=\"text-editor.default\">\n\t\t\t\t<div class=\"elementor-widget-container\">\n\t\t\t\t\t\t\t\t\t<p>Naszym celem jest zapewnienie doskona\u0142ej obs\u0142ugi i uczynienie procesu tak p\u0142ynnym i bezstresowym, jak to mo\u017cliwe dla naszych klient\u00f3w. Niezale\u017cnie od tego, czy szukasz swojego pierwszego domu, nieruchomo\u015bci wakacyjnej czy okazji inwestycyjnej, jeste\u015bmy tutaj, aby pom\u00f3c. Dzi\u0119kujemy za rozwa\u017cenie nas w zakresie potrzeb zwi\u0105zanych z nieruchomo\u015bciami.<\/p>\t\t\t\t\t\t\t\t<\/div>\n\t\t\t\t<\/div>\n\t\t\t\t<div class=\"elementor-element elementor-element-248e3f3 elementor-widget elementor-widget-button\" data-id=\"248e3f3\" data-element_type=\"widget\" data-e-type=\"widget\" data-widget_type=\"button.default\">\n\t\t\t\t<div class=\"elementor-widget-container\">\n\t\t\t\t\t\t\t\t\t<div class=\"elementor-button-wrapper\">\n\t\t\t\t\t<a class=\"elementor-button elementor-button-link elementor-size-sm\" href=\"\/pl\/properties\/\">\n\t\t\t\t\t\t<span class=\"elementor-button-content-wrapper\">\n\t\t\t\t\t\t\t\t\t<span class=\"elementor-button-text\">Przegl\u0105daj nieruchomo\u015bci<\/span>\n\t\t\t\t\t<\/span>\n\t\t\t\t\t<\/a>\n\t\t\t\t<\/div>\n\t\t\t\t\t\t\t\t<\/div>\n\t\t\t\t<\/div>\n\t\t\t\t\t<\/div>\n\t\t\t\t<\/div>\n\t\t\t\t\t<\/div>\n\t\t\t\t<\/div>\n\t\t<div class=\"elementor-element elementor-element-a3ec99f e-flex e-con-boxed e-con e-parent\" data-id=\"a3ec99f\" data-element_type=\"container\" data-e-type=\"container\" data-settings=\"{&quot;background_background&quot;:&quot;classic&quot;}\">\n\t\t\t\t\t<div class=\"e-con-inner\">\n\t\t\t\t<div class=\"elementor-element elementor-element-3c20a72 elementor-widget elementor-widget-heading\" data-id=\"3c20a72\" data-element_type=\"widget\" data-e-type=\"widget\" data-widget_type=\"heading.default\">\n\t\t\t\t<div class=\"elementor-widget-container\">\n\t\t\t\t\t<h2 class=\"elementor-heading-title elementor-size-large\">Co m\u00f3wi\u0105 o nas nasi klienci<\/h2>\t\t\t\t<\/div>\n\t\t\t\t<\/div>\n\t\t\t\t<div class=\"elementor-element elementor-element-b41ba05 elementor-widget-divider--view-line elementor-widget elementor-widget-divider\" data-id=\"b41ba05\" data-element_type=\"widget\" data-e-type=\"widget\" data-widget_type=\"divider.default\">\n\t\t\t\t<div class=\"elementor-widget-container\">\n\t\t\t\t\t\t\t<div class=\"elementor-divider\">\n\t\t\t<span class=\"elementor-divider-separator\">\n\t\t\t\t\t\t<\/span>\n\t\t<\/div>\n\t\t\t\t\t\t<\/div>\n\t\t\t\t<\/div>\n\t\t\t\t<div class=\"elementor-element elementor-element-36f0db7 elementor-testimonial--skin-default elementor-testimonial--layout-image_inline elementor-testimonial--align-center elementor-arrows-yes elementor-pagination-type-bullets elementor-widget elementor-widget-global elementor-global-650 elementor-widget-testimonial-carousel\" data-id=\"36f0db7\" data-element_type=\"widget\" data-e-type=\"widget\" data-settings=\"{&quot;slides_per_view&quot;:&quot;3&quot;,&quot;space_between&quot;:{&quot;unit&quot;:&quot;px&quot;,&quot;size&quot;:20,&quot;sizes&quot;:[]},&quot;show_arrows&quot;:&quot;yes&quot;,&quot;pagination&quot;:&quot;bullets&quot;,&quot;speed&quot;:500,&quot;autoplay&quot;:&quot;yes&quot;,&quot;autoplay_speed&quot;:5000,&quot;loop&quot;:&quot;yes&quot;,&quot;pause_on_hover&quot;:&quot;yes&quot;,&quot;pause_on_interaction&quot;:&quot;yes&quot;,&quot;space_between_tablet&quot;:{&quot;unit&quot;:&quot;px&quot;,&quot;size&quot;:10,&quot;sizes&quot;:[]},&quot;space_between_mobile&quot;:{&quot;unit&quot;:&quot;px&quot;,&quot;size&quot;:10,&quot;sizes&quot;:[]}}\" data-widget_type=\"testimonial-carousel.default\">\n\t\t\t\t<div class=\"elementor-widget-container\">\n\t\t\t\t\t\t\t\t\t<div class=\"elementor-swiper\">\n\t\t\t\t\t<div class=\"elementor-main-swiper swiper\" role=\"region\" aria-roledescription=\"carousel\" aria-label=\"Slajdy\">\n\t\t\t\t<div class=\"swiper-wrapper\">\n\t\t\t\t\t\t\t\t\t\t\t<div class=\"swiper-slide\" role=\"group\" aria-roledescription=\"slide\">\n\t\t\t\t\t\t\t\t\t<div class=\"elementor-testimonial\">\n\t\t\t\t\t\t\t<div class=\"elementor-testimonial__content\">\n\t\t\t\t\t<div class=\"elementor-testimonial__text\">\n\t\t\t\t\t\tNiedawno kupi\u0142em dom za po\u015brednictwem Dream Home Albania Real Estate i by\u0142o to niesamowite do\u015bwiadczenie. Zesp\u00f3\u0142 by\u0142 niesamowicie pomocny i sprawi\u0142, \u017ce proces przebieg\u0142 bezproblemowo. Zawsze byli dost\u0119pni, aby odpowiedzie\u0107 na wszelkie moje pytania i zrobili wszystko, co mo\u017cliwe, aby znale\u017a\u0107 dla mnie idealny dom. Gor\u0105co polecam My Dream Home Albania Real Estate ka\u017cdemu, kto chce kupi\u0107 lub sprzeda\u0107 nieruchomo\u015b\u0107.\t\t\t\t\t<\/div>\n\t\t\t\t\t\t\t\t\t<\/div>\n\t\t\t\t\t\t<div class=\"elementor-testimonial__footer\">\n\t\t\t\t\t\t\t\t<cite class=\"elementor-testimonial__cite\"><span class=\"elementor-testimonial__name\">Arben Lika<\/span><\/cite>\t\t\t<\/div>\n\t\t<\/div>\n\t\t\t\t\t\t\t\t<\/div>\n\t\t\t\t\t\t\t\t\t\t\t<div class=\"swiper-slide\" role=\"group\" aria-roledescription=\"slide\">\n\t\t\t\t\t\t\t\t\t<div class=\"elementor-testimonial\">\n\t\t\t\t\t\t\t<div class=\"elementor-testimonial__content\">\n\t\t\t\t\t<div class=\"elementor-testimonial__text\">\n\t\t\t\t\t\tWsp\u00f3\u0142pracuj\u0119 z Dream Home Albania Real Estate od jakiego\u015b czasu i jestem pod ogromnym wra\u017ceniem poziomu \u015bwiadczonych przez nich us\u0142ug. S\u0105 niesamowicie profesjonalni i maj\u0105 du\u017c\u0105 wiedz\u0119 na temat rynku nieruchomo\u015bci w Albanii. Znale\u017ali mi wymarzony dom i sprawili, \u017ce proces jego zakupu by\u0142 dziecinnie prosty. Gor\u0105co polecam My Dream Home Albania Real Estate ka\u017cdemu, kto chce kupi\u0107 lub sprzeda\u0107 nieruchomo\u015b\u0107.\t\t\t\t\t<\/div>\n\t\t\t\t\t\t\t\t\t<\/div>\n\t\t\t\t\t\t<div class=\"elementor-testimonial__footer\">\n\t\t\t\t\t\t\t\t<cite class=\"elementor-testimonial__cite\"><span class=\"elementor-testimonial__name\">Oksana Petrenko<\/span><\/cite>\t\t\t<\/div>\n\t\t<\/div>\n\t\t\t\t\t\t\t\t<\/div>\n\t\t\t\t\t\t\t\t\t\t\t<div class=\"swiper-slide\" role=\"group\" aria-roledescription=\"slide\">\n\t\t\t\t\t\t\t\t\t<div class=\"elementor-testimonial\">\n\t\t\t\t\t\t\t<div class=\"elementor-testimonial__content\">\n\t\t\t\t\t<div class=\"elementor-testimonial__text\">\n\t\t\t\t\t\tNie mam nic poza pozytywnymi rzeczami do powiedzenia o Dream Home Albania Real Estate. Zesp\u00f3\u0142 jest przyjazny, profesjonalny i zawsze robi wszystko, aby zapewni\u0107 zadowolenie klient\u00f3w. Pomogli mi znale\u017a\u0107 idealny dom i sprawili, \u017ce proces zakupu by\u0142 bardzo \u0142atwy. Gor\u0105co polecam My Dream Home Albania Real Estate ka\u017cdemu, kto szuka niezawodnej i godnej zaufania firmy zajmuj\u0105cej si\u0119 nieruchomo\u015bciami.\t\t\t\t\t<\/div>\n\t\t\t\t\t\t\t\t\t<\/div>\n\t\t\t\t\t\t<div class=\"elementor-testimonial__footer\">\n\t\t\t\t\t\t\t\t<cite class=\"elementor-testimonial__cite\"><span class=\"elementor-testimonial__name\">Emily Williams<\/span><\/cite>\t\t\t<\/div>\n\t\t<\/div>\n\t\t\t\t\t\t\t\t<\/div>\n\t\t\t\t\t\t\t\t\t<\/div>\n\t\t\t\t\t\t\t\t\t\t\t\t\t\t\t<div class=\"elementor-swiper-button elementor-swiper-button-prev\" role=\"button\" tabindex=\"0\" aria-label=\"Poprzedni\">\n\t\t\t\t\t\t\t<i aria-hidden=\"true\" class=\"eicon-chevron-left\"><\/i>\t\t\t\t\t\t<\/div>\n\t\t\t\t\t\t<div class=\"elementor-swiper-button elementor-swiper-button-next\" role=\"button\" tabindex=\"0\" aria-label=\"Nast\u0119pny\">\n\t\t\t\t\t\t\t<i aria-hidden=\"true\" class=\"eicon-chevron-right\"><\/i>\t\t\t\t\t\t<\/div>\n\t\t\t\t\t\t\t\t\t\t\t\t\t\t\t\t<div class=\"swiper-pagination\"><\/div>\n\t\t\t\t\t\t\t\t\t\t\t\t<\/div>\n\t\t\t\t<\/div>\n\t\t\t\t\t\t\t\t<\/div>\n\t\t\t\t<\/div>\n\t\t\t\t\t<\/div>\n\t\t\t\t<\/div>\n\t\t\t\t<\/div>","protected":false},"excerpt":{"rendered":"<p>Zalety Wiedza specjalistyczna i do\u015bwiadczenie Nasz zesp\u00f3\u0142 posiada rozleg\u0142\u0105 wiedz\u0119 i do\u015bwiadczenie w bran\u017cy nieruchomo\u015bci. Szeroki wyb\u00f3r nieruchomo\u015bci Posiadamy r\u00f3\u017cnorodne nieruchomo\u015bci dost\u0119pne, aby spe\u0142ni\u0107 Twoje potrzeby. Indywidualna obs\u0142uga Dostosowujemy nasz\u0105 us\u0142ug\u0119 do Twoich konkretnych potrzeb i preferencji. Efektywno\u015b\u0107 Nasza strona internetowa jest \u0142atwa w u\u017cyciu, a nasz zesp\u00f3\u0142 jest zawsze [\u2026]<\/p>","protected":false},"author":2,"featured_media":0,"parent":0,"menu_order":0,"comment_status":"closed","ping_status":"closed","template":"","meta":{"footnotes":""},"class_list":["post-92","page","type-page","status-publish","hentry"],"_links":{"self":[{"href":"https:\/\/mydreamhomealbania.com\/pl\/wp-json\/wp\/v2\/pages\/92","targetHints":{"allow":["GET"]}}],"collection":[{"href":"https:\/\/mydreamhomealbania.com\/pl\/wp-json\/wp\/v2\/pages"}],"about":[{"href":"https:\/\/mydreamhomealbania.com\/pl\/wp-json\/wp\/v2\/types\/page"}],"author":[{"embeddable":true,"href":"https:\/\/mydreamhomealbania.com\/pl\/wp-json\/wp\/v2\/users\/2"}],"replies":[{"embeddable":true,"href":"https:\/\/mydreamhomealbania.com\/pl\/wp-json\/wp\/v2\/comments?post=92"}],"version-history":[{"count":0,"href":"https:\/\/mydreamhomealbania.com\/pl\/wp-json\/wp\/v2\/pages\/92\/revisions"}],"wp:attachment":[{"href":"https:\/\/mydreamhomealbania.com\/pl\/wp-json\/wp\/v2\/media?parent=92"}],"curies":[{"name":"wp","href":"https:\/\/api.w.org\/{rel}","templated":true}]}}